{"id":887,"date":"2024-02-04T00:27:31","date_gmt":"2024-02-04T00:27:31","guid":{"rendered":"https:\/\/quimicaquantum.com\/?page_id=887"},"modified":"2024-04-08T16:32:41","modified_gmt":"2024-04-08T16:32:41","slug":"mesmerize","status":"publish","type":"page","link":"https:\/\/quimicaquantum.com\/","title":{"rendered":"Front Page"},"content":{"rendered":"<div  id=\"features-10\" style=\"background-color: #ffffff;\" data-label=\"Features\" data-id=\"features-16-card-bordered\" data-export-id=\"features-16-card-bordered\" data-category=\"features\" class=\"features-16-card-bordered content-section content-section-spacing\"><div  class=\"gridContainer\"> <div  class=\"row text-center\"><div  class=\"section-title-col\" data-type=\"column\"> <h2  class=\"\" style=\"border-bottom-color: rgb(123, 179, 54);\">Productos excepcionales dise\u00f1ados para satisfacer las necesidades de Limpieza de las principales industrias:<\/h2> <p  class=\"lead\">Ofrecemos soluciones qu\u00edmicas para la limpieza, con productos excepcionales adaptados a las demandas de higiene con productos que est\u00e1n dise\u00f1ados para cumplir con los est\u00e1ndares m\u00e1s exigentes, garantizando entornos limpios y seguros en cada aplicaci\u00f3n.<\/p><\/div> <\/div> <div  class=\"row spaced-cols\" data-type=\"row\"> <div  class=\"col-xs-12 col-sm-6 col-md-4\"> <div  class=\"card no-padding bordered y-move\"> <img  decoding=\"async\" class=\"face\" src=\"http:\/\/quimicaquantum.com\/wp-content\/uploads\/2024\/02\/cocina-limpia04-s.jpg\" title=\"cocina-limpia04-s\" alt=\"\"> <div  data-type=\"column\" class=\"col-padding-small col-padding-small-xs description-container\"> <h4  class=\"font-500\">Restaurantes y Cocinas<\/h4> <p  class=\"\">Quantum proporciona soluciones qu\u00edmicas avanzadas para mantener la higiene impecable en tu cocina, asegurando un ambiente limpio y seguro para tus clientes y personal, nuestros productos ofrecen un rendimiento excepcional en la eliminaci\u00f3n de grasa, residuos y g\u00e9rmenes. Desde potentes desengrasantes hasta desinfectantes de alta eficacia<\/p><\/div> <div  data-type=\"column\" class=\"col-padding-small col-padding-small-xs read-more-container\"><a  class=\"read-more\">learn more<\/a><\/div> <\/div><\/div> <div  class=\"col-xs-12 col-sm-6 col-md-4\"><div  class=\"card no-padding bordered y-move\"> <img  decoding=\"async\" class=\"face\" src=\"http:\/\/quimicaquantum.com\/wp-content\/uploads\/2024\/02\/cropped-cropped-Hotel-02-s.jpg\" title=\"cropped-cropped-Hotel-02-s.jpg\" alt=\"\"> <div  data-type=\"column\" class=\"col-padding-small col-padding-small-xs description-container\"> <h4  class=\"font-500\">Hoteles y todas sus \u00e1reas<\/h4> <p  class=\"\">Quantum eleva la higiene a un nuevo nivel, ofreciendo resultados excepcionales que contribuyen a mantener un entorno impecable y acogedor para tus hu\u00e9spedes, nuestra gama de soluciones abarca desde potentes desinfectantes hasta limpiadores especializados para \u00e1reas comunes y habitaciones.<\/p><\/div> <div  data-type=\"column\" class=\"col-padding-small col-padding-small-xs read-more-container\"><a  class=\"read-more\">learn more<\/a><\/div> <\/div><\/div> <div  class=\"col-xs-12 col-sm-6 col-md-4\"><div  class=\"card no-padding bordered y-move\"> <img  decoding=\"async\" class=\"face\" src=\"http:\/\/quimicaquantum.com\/wp-content\/uploads\/2024\/02\/cropped-bar01-s.jpg\" title=\"cropped-bar01-s.jpg\" alt=\"\"> <div  data-type=\"column\" class=\"col-padding-small col-padding-small-xs description-container\"> <h4  class=\"font-500\">Limpieza total para Bares<\/h4> <p  class=\"\">Optimiza la limpieza en tu bar con la gama especializada de nuestro productos que van desde desinfectantes de alta eficacia hasta soluciones dise\u00f1adas para mantener la pulcritud de las superficies y utensilios,cuidando siempre la salud de todos incluyendo al personal que lava&nbsp; los utensilios<\/p><\/div> <div  data-type=\"column\" class=\"col-padding-small col-padding-small-xs read-more-container\"><a  class=\"read-more\">learn more<\/a><\/div> <\/div><\/div> <div  class=\"col-xs-12 col-sm-6 col-md-4\"> <div  class=\"card no-padding bordered y-move\"> <img  decoding=\"async\" class=\"face\" src=\"http:\/\/quimicaquantum.com\/wp-content\/uploads\/2024\/02\/cropped-Limpieza-Pisos-01.jpg\" title=\"cropped-Limpieza-Pisos-01.jpg\" alt=\"\"> <div  data-type=\"column\" class=\"col-padding-small col-padding-small-xs description-container\"> <h4  class=\"font-500\">Uso General en todas las \u00e1reas<\/h4> <p  class=\"\">Descubre la versatilidad y eficacia en la limpieza con la l\u00ednea de productos Quantum para uso general. Desde poderosos limpiadores multiusos, aromatizantes hasta desinfectantes de alto rendimiento, nuestra gama est\u00e1 dise\u00f1ada para abordar una variedad de necesidades de limpieza.<\/p><\/div> <div  data-type=\"column\" class=\"col-padding-small col-padding-small-xs read-more-container\"><a  class=\"read-more\">learn more<\/a><\/div> <\/div><\/div><div  class=\"col-xs-12 col-sm-6 col-md-4\"> <div  class=\"card no-padding bordered y-move\"> <img  decoding=\"async\" class=\"face\" src=\"http:\/\/quimicaquantum.com\/wp-content\/uploads\/2023\/10\/cropped-lavanderia02.jpg\" title=\"cropped-lavanderia02.jpg\" alt=\"\"> <div  data-type=\"column\" class=\"col-padding-small col-padding-small-xs description-container\"> <h4  class=\"font-500\">Detergentes y Suavizantes para Lavander\u00edas<\/h4> <p  class=\"\">Revoluciona la limpieza en tu lavander\u00eda con los productos de Quantum. Nuestra gama especializada de detergentes y suavizantes ofrece un desempe\u00f1o excepcional para prendas impecables y telas suaves. Desde poderosos detergentes que eliminan las manchas m\u00e1s dif\u00edciles hasta suavizantes que brindan frescura duradera<\/p><\/div> <div  data-type=\"column\" class=\"col-padding-small col-padding-small-xs read-more-container\"><a  class=\"read-more\">learn more<\/a><\/div> <\/div><\/div><div  class=\"col-xs-12 col-sm-6 col-md-4\"> <div  class=\"card no-padding bordered y-move\"> <img  decoding=\"async\" class=\"face\" src=\"http:\/\/quimicaquantum.com\/wp-content\/uploads\/2024\/02\/cropped-Vidrios02.jpg\" title=\"cropped-Vidrios02.jpg\" alt=\"\"> <div  data-type=\"column\" class=\"col-padding-small col-padding-small-xs description-container\"> <h4  class=\"font-500\">Limpieza para cualquier Industria<\/h4> <p  class=\"\">Potencia y eficacia se fusionan en la l\u00ednea de productos Quantum para satisfacer las exigentes necesidades de la industria y la construcci\u00f3n. Desde potentes limpiadores industriales hasta desengrasantes y decapantes especializados, nuestros productos ofrecen soluciones avanzadas para mantener espacios impecables y equipos en \u00f3ptimas condiciones<\/p><\/div> <div  data-type=\"column\" class=\"col-padding-small col-padding-small-xs read-more-container\"><a  class=\"read-more\">learn more<\/a><\/div> <\/div><\/div><\/div><\/div> <\/div><div  id=\"content-13\" style=\"background-color: rgb(245, 250, 253); background-image: none;\" data-label=\"Content\" data-id=\"content-2\" data-export-id=\"content-2\" data-category=\"content\" class=\"content-2 content-section content-section-spacing\"><div > <div  class=\"row middle-xs\"><div  class=\"col-sm-5 bg-image shadow-large-black\" data-bg=\"image\" style=\"background-image: url(&quot;http:\/\/quimicaquantum.com\/wp-content\/uploads\/2024\/02\/cocina-limpia-Tresynol-s-1.jpg&quot;);\"><\/div> <div  class=\"col-sm-7 full-col-left-padding full-col-right-padding\"> <div  class=\"row\"> <div  data-type=\"column\" class=\"space-bottom-small content-title-col content-left-sm\"> <h5  class=\"\">CASO DE USO<\/h5> <h2  class=\"\" style=\"border-bottom-color: rgb(123, 179, 54);\">TRESYNOL PLANCHAS<\/h2> <p  class=\"\">Limpiador L\u00edquido (desengrasante ) exclusivo para Planchas y hornos de Cocina de pronto uso, formulado especialmente para la eliminaci\u00f3n de cochambre (capas de grasa carbonizadas), en planchas, campanas extractoras, parrillas y freidoras de acero inoxidable<\/p><\/div> <\/div> <div  class=\"row spaced-cols \" data-type=\"row\"> <div  class=\"col-xs-6\" data-type=\"column\"> <h5  class=\"\">CARACTER\u00cdSTICAS<\/h5> <p  class=\"\"> \u2022Ideal para usarse en restaurantes, comedores industriales, cocinas o cualquier lugar donde se maneja grandes cantidades de grasa.<br >\u2022 Elimina eficazmente los alimentos quemados adheridos a la plancha, el aceite de cocina de las planchas y la grasa o cochambre que se va acumulando.<\/p><\/div> <div  class=\"col-xs-6\" data-type=\"column\"><h5  class=\"\">APLICACIONES<\/h5> <p  class=\"\">Se utiliza diluido 1 lt de producto por 1 lts (1-1) de agua aplic\u00e1ndolo sobre la plancha caliente una vez que la superficie met\u00e1lica lo haya embebido, se a\u00f1adir\u00e1 agua sobre la misma retirando la suciedad con la ayuda de una esp\u00e1tula. <\/p><\/div> <div  class=\"col-xs-6\" data-type=\"column\"><h5  class=\"\">PRESENTACI\u00d3N<\/h5> <p  class=\"\">Envase de polietileno: \n<br ><br >Garrafa de 5 lts \n<br ><br >Porr\u00f3n de 20 lts <\/p><\/div> <div  class=\"col-xs-6\" data-type=\"column\"><h5  class=\"\">\tPRECAUCIONES<\/h5> <p  class=\"\">Mant\u00e9ngase el envase fuera del alcance de los ni\u00f1os. \n<br >No ingerir. <br >\t\t\tEn caso de contacto con los ojos l\u00e1vense inmediata y abundantemente con agua. <br >\t\t\tSe recomienda el uso de guantes ya que puede provocar quemaduras e irritaci\u00f3n. \n<br >Restringido a uso profesional.<\/p><\/div> <\/div><\/div> <\/div><\/div> <\/div><div  id=\"content-14\" style=\"background-color: #ffffff;\" data-label=\"Content\" data-id=\"content-3\" data-export-id=\"content-3\" data-category=\"content\" class=\"content-3 content-section content-section-spacing\"><div > <div  class=\"row middle-xs\"><div  class=\"col-sm-7 full-col-left-padding full-col-right-padding\"> <div  class=\"row\"><div  data-type=\"column\" class=\"space-bottom-small content-title-col content-left-sm\"> <h5  class=\"\">CASO DE USO<\/h5> <h2  class=\"\" style=\"border-bottom-color: rgb(123, 179, 54);\">SERVOLOR (BRISA MARINA)<\/h2> <p  class=\"\">Descubre la revoluci\u00f3n en ambientadores con Servolor SERVOLOR BRISA MARINA, tu aliado moderno para transformar cualquier espacio. Este ambientador vanguardista, impregnado con una alta concentraci\u00f3n de esencias y agentes deodorizantes, no solo elimina los olores desagradables, sino que tambi\u00e9n deja una huella duradera de frescura y elegancia en el aire<\/p><\/div> <\/div> <div  class=\"row spaced-cols\" data-type=\"row\"> <div  class=\"col-xs-6\" data-type=\"column\"> <h5  class=\"\">CARACTER\u00cdSTICAS<\/h5> <p  class=\"\">Servolor SERVOLOR BRISA MARINA es la elecci\u00f3n preferida para aquellos que buscan un ambiente siempre acogedor y agradable,  Una f\u00f3rmula potente dise\u00f1ada para ofrecer una experiencia olfativa \u00fanica. Perfecto para cualquier lugar p\u00fablico que requiera una higiene impecable durante todo el d\u00eda<\/p><\/div> <div  class=\"col-xs-6\" data-type=\"column\"><h5  class=\"\">APLICACIONES<\/h5> <p  class=\"\">Se puede aplicar en todos aquellos lugares p\u00fablicos, cuyos servicios necesiten una  <br >\tDE USO                       \tperfecta higiene durante todas las horas del d\u00eda. <br >Atomizar directamente en las esquinas, paredes, debajo de lavabos, ba\u00f1os, etc. <\/p><\/div> <div  class=\"col-xs-6\" data-type=\"column\"><h5  class=\"\">PRESENTACI\u00d3N<\/h5> <p  class=\"\">Envase de polietileno:<br ><br >Garrafa de 5 lts<br ><br >Porr\u00f3n de 20 lts<\/p><\/div> <div  class=\"col-xs-6\" data-type=\"column\"><h5  class=\"\">PRECAUCIONES<\/h5> <p  class=\"\">Mant\u00e9ngase el envase fuera del alcance de los ni\u00f1os. No ingerir. <br >\t\t\tEn caso de contacto con los ojos l\u00e1vense inmediata y abundantemente con agua. En caso de uso prolongado utilizar guantes ya que puede provocar irritaci\u00f3n. Para mayor informaci\u00f3n consulte la Hoja de Seguridad del Producto Restringido a uso profesional.<\/p><\/div> <\/div><\/div> <div  class=\"col-sm-5 bg-image shadow-large-black revert-classes-holder\" data-bg=\"image\" style=\"background-image: url(&quot;http:\/\/quimicaquantum.com\/wp-content\/uploads\/2024\/02\/cropped-Hotel-Servolor-s.jpg&quot;);\"><\/div><\/div> <\/div><\/div><div  id=\"portfolio-3\" style=\"background-color: #f5fafd;\" data-label=\"Portfolio\" data-id=\"portfolio-4\" data-export-id=\"portfolio-4\" data-category=\"portfolio\" class=\"portfolio-4 content-section content-section-spacing-top\"><div  class=\"\"> <div  class=\"row text-center\"><div  class=\"section-title-col\" data-type=\"column\"> <h2  class=\"\">Portafolio de acuerdo al uso<\/h2> <p  class=\"lead\">\u00a1Descubre la limpieza Total con nuestro amplio portfolio de productos qu\u00edmicos, dise\u00f1ado para satisfacer todas tus necesidades de higiene! Desde potentes desengrasantes hasta suavizantes especializados, nuestro portafolio ofrece soluciones vers\u00e1tiles para cada aplicaci\u00f3n.<\/p><\/div> <\/div> <div  data-type=\"row\" class=\"row\" data-fixed=\"true\"> <div  class=\"col-xs-12 col-sm-3 no-gutter-col\"> <div  class=\"contentswap-effect\" data-hover-fx=\"portfolio-4\"> <div  class=\"initial-image\"> <img  decoding=\"async\" data-size=\"542x360\" src=\"http:\/\/quimicaquantum.com\/wp-content\/uploads\/2024\/02\/bn600x400-uso-multiusos.png\"><\/div> <div  class=\"overlay bg-color1\"><\/div> <div  class=\"swap-inner col-xs-12\"> <div  class=\"row full-height-row middle-xs middle-sm\"> <div  class=\"col-xs-12 text-center content-holder\"> <a href=\"#\" target=\"_self\" rel=\"noopener\"><i  class=\"fa icon portfolio-icon fa-search big\" aria-hidden=\"true\"><\/i><\/a><\/div> <\/div><\/div> <\/div><\/div> <div  class=\"col-xs-12 col-sm-3 no-gutter-col\"><div  class=\"contentswap-effect\" data-hover-fx=\"portfolio-4\"> <div  class=\"initial-image\"> <img  decoding=\"async\" data-size=\"542x360\" src=\"http:\/\/quimicaquantum.com\/wp-content\/uploads\/2024\/02\/bn600x400-uso-desengrasantes-s.jpg\"><\/div> <div  class=\"overlay bg-color1\"><\/div> <div  class=\"swap-inner col-xs-12\"> <div  class=\"row full-height-row middle-xs middle-sm\"> <div  class=\"col-xs-12 text-center content-holder\"> <a href=\"#\" target=\"_self\" rel=\"noopener\"><i  class=\"fa icon portfolio-icon fa-search big\" aria-hidden=\"true\"><\/i><\/a><\/div> <\/div><\/div> <\/div><\/div> <div  class=\"col-xs-12 col-sm-3 no-gutter-col\"><div  class=\"contentswap-effect\" data-hover-fx=\"portfolio-4\"> <div  class=\"initial-image\"> <img  decoding=\"async\" data-size=\"542x360\" src=\"http:\/\/quimicaquantum.com\/wp-content\/uploads\/2024\/02\/bn600x400-uso-desinfectantes-s.jpg\"><\/div> <div  class=\"overlay bg-color1\"><\/div> <div  class=\"swap-inner col-xs-12\"> <div  class=\"row full-height-row middle-xs middle-sm\"> <div  class=\"col-xs-12 text-center content-holder\"> <a href=\"#\" target=\"_self\" rel=\"noopener\"><i  class=\"fa icon portfolio-icon fa-search big\" aria-hidden=\"true\"><\/i><\/a><\/div> <\/div><\/div> <\/div><\/div> <div  class=\"col-xs-12 col-sm-3 no-gutter-col\"><div  class=\"contentswap-effect\" data-hover-fx=\"portfolio-4\"> <div  class=\"initial-image\"> <img  decoding=\"async\" data-size=\"542x360\" src=\"http:\/\/quimicaquantum.com\/wp-content\/uploads\/2024\/02\/bn600x400-uso-suavizantes-s.jpg\"><\/div> <div  class=\"overlay bg-color1\"><\/div> <div  class=\"swap-inner col-xs-12\"> <div  class=\"row full-height-row middle-xs middle-sm\"> <div  class=\"col-xs-12 text-center content-holder\"> <a href=\"#\" target=\"_self\" rel=\"noopener\"><i  class=\"fa icon portfolio-icon fa-search big\" aria-hidden=\"true\"><\/i><\/a><\/div> <\/div><\/div> <\/div><\/div> <div  class=\"col-xs-12 col-sm-3 no-gutter-col\"><div  class=\"contentswap-effect\" data-hover-fx=\"portfolio-4\"> <div  class=\"initial-image\"> <img  decoding=\"async\" data-size=\"542x360\" src=\"http:\/\/quimicaquantum.com\/wp-content\/uploads\/2024\/02\/bn600x400-uso-quitasarro-s.jpg\"><\/div> <div  class=\"overlay bg-color1\"><\/div> <div  class=\"swap-inner col-xs-12\"> <div  class=\"row full-height-row middle-xs middle-sm\"> <div  class=\"col-xs-12 text-center content-holder\"> <a href=\"#\" target=\"_self\" rel=\"noopener\"><i  class=\"fa icon portfolio-icon fa-search big\" aria-hidden=\"true\"><\/i><\/a><\/div> <\/div><\/div> <\/div><\/div> <div  class=\"col-xs-12 col-sm-3 no-gutter-col\"><div  class=\"contentswap-effect\" data-hover-fx=\"portfolio-4\"> <div  class=\"initial-image\"> <img  decoding=\"async\" data-size=\"542x360\" src=\"http:\/\/quimicaquantum.com\/wp-content\/uploads\/2024\/02\/bn600x400-uso-abrillantadores-s.jpg\"><\/div> <div  class=\"overlay bg-color1\"><\/div> <div  class=\"swap-inner col-xs-12\"> <div  class=\"row full-height-row middle-xs middle-sm\"> <div  class=\"col-xs-12 text-center content-holder\"> <a href=\"#\" target=\"_self\" rel=\"noopener\"><i  class=\"fa icon portfolio-icon fa-search big\" aria-hidden=\"true\"><\/i><\/a><\/div> <\/div><\/div> <\/div><\/div> <div  class=\"col-xs-12 col-sm-3 no-gutter-col\"><div  class=\"contentswap-effect\" data-hover-fx=\"portfolio-4\"> <div  class=\"initial-image\"> <img  decoding=\"async\" data-size=\"542x360\" src=\"http:\/\/quimicaquantum.com\/wp-content\/uploads\/2024\/02\/bn600x400-uso-Especializados-s.jpg\"><\/div> <div  class=\"overlay bg-color1\"><\/div> <div  class=\"swap-inner col-xs-12\"> <div  class=\"row full-height-row middle-xs middle-sm\"> <div  class=\"col-xs-12 text-center content-holder\"> <a href=\"#\" target=\"_self\" rel=\"noopener\"><i  class=\"fa icon portfolio-icon fa-search big\" aria-hidden=\"true\"><\/i><\/a><\/div> <\/div><\/div> <\/div><\/div> <div  class=\"col-xs-12 col-sm-3 no-gutter-col\"><div  class=\"contentswap-effect\" data-hover-fx=\"portfolio-4\"> <div  class=\"initial-image\"> <img  decoding=\"async\" data-size=\"542x360\" src=\"http:\/\/quimicaquantum.com\/wp-content\/uploads\/2024\/02\/bn600x400-uso-Detergentes-s.jpg\"><\/div> <div  class=\"overlay bg-color1\"><\/div> <div  class=\"swap-inner col-xs-12\"> <div  class=\"row full-height-row middle-xs middle-sm\"> <div  class=\"col-xs-12 text-center content-holder\"> <a href=\"#\" target=\"_self\" rel=\"noopener\"><i  class=\"fa icon portfolio-icon fa-search big\" aria-hidden=\"true\"><\/i><\/a><\/div> <\/div><\/div> <\/div><\/div> <\/div><\/div> <\/div><div  id=\"testimonials-5\" style=\"background-color: #ffffff;\" data-label=\"Testimonials\" data-id=\"testimonials-5\" data-export-id=\"testimonials-5\" data-category=\"testimonials\" class=\"testimonials-5 content-section content-section-spacing\"><div  class=\"gridContainer\"> <div  class=\"row\"><div  data-type=\"column\" class=\"section-title-col\"> <h2  class=\"\" style=\"border-bottom-color: rgb(123, 179, 54);\">\u00a1Algunas ventajas para nuestros distribuidores!<\/h2> <p  class=\"lead\">Descubre algunas ventajas exclusivas que ofrecemos a nuestros distribuidores:<\/p><\/div> <\/div> <div  class=\"row spaced-cols content-center-sm\" data-type=\"row\"> <div  class=\"col-xs-12 col-sm-6 col-md-4\"> <div  class=\"card y-move bordered\" data-type=\"column\"> <i  class=\"fa fa-quote-right icon color1 small quotation-icon\"><\/i> <p  class=\"text-center\">Compartimos mayores ingresos con altos m\u00e1rgenes de ganancia competitivos, no solo proporcionamos productos de alta calidad, sino tambi\u00e9n beneficios sustanciales.<\/p> <img  decoding=\"async\" src=\"http:\/\/quimicaquantum.com\/wp-content\/uploads\/2024\/02\/ico-pesos-s.png\" class=\"round icon\" title=\"ico-pesos-s\" alt=\"\"> <h6  class=\"\">&gt; INGRESOS<\/h6> <p  class=\"small italic\">QUANTUM<\/p><\/div> <\/div> <div  class=\"col-xs-12 col-sm-6 col-md-4\"> <div  class=\"card y-move bordered\" data-type=\"column\"> <i  class=\"fa fa-quote-right icon color1 small quotation-icon\"><\/i> <p  class=\"text-center\">Buscamos crear un negocio sustentable a largo plazo, convirtiendote en parte de nuestros planes de crecimiento.<\/p> <img  decoding=\"async\" src=\"http:\/\/quimicaquantum.com\/wp-content\/uploads\/2024\/02\/ico-crecer-s.png\" class=\"round icon\" title=\"ico-crecer-s\" alt=\"\"> <h6  class=\"\">QUEREMOS QUE CREZCAS <\/h6> <p  class=\"small italic\">QUANTUM<\/p><\/div> <\/div> <div  class=\"col-xs-12 col-sm-6 col-md-4\"> <div  class=\"card y-move bordered\" data-type=\"column\"> <i  class=\"fa fa-quote-right icon color1 small quotation-icon\"><\/i> <p  class=\"text-center\">Brindamos a los distribuidores la oportunidad de ser los \u00fanicos proveedores de Quantum en una regi\u00f3n espec\u00edfica, fortaleciendo as\u00ed su posici\u00f3n en el mercado local <\/p> <img  decoding=\"async\" src=\"http:\/\/quimicaquantum.com\/wp-content\/uploads\/2024\/02\/ico-unir-s.png\" class=\"round icon\" title=\"ico-unir-s\" alt=\"\"> <h6  class=\"\">EXCLUSIVIDAD TERRITORIAL<\/h6> <p  class=\"small italic\">QUANTUM<\/p><\/div> <\/div><\/div> <\/div><\/div><div  id=\"cta-1\" data-label=\"Cta\" data-id=\"cta-blue-section\" data-export-id=\"cta-blue-section\" data-category=\"cta\" class=\"cta-blue-section content-section content-section-spacing-medium bg-color1 white-text\"><div  class=\"gridContainer\"> <div  class=\"row middle-xs\"><div  class=\"col-sm-8 space-bottom-xs\" data-type=\"column\"> <h2  class=\"\" style=\"border-bottom-color: rgb(123, 179, 54);\">\u00a1Unet\u00e9 a nuestra Red de Distribuidores!<\/h2> <\/div> <div  class=\"col-sm-4 end-sm\" data-type=\"column\"> <a class=\"button color2\" href=\"#\" target=\"_self\" data-cp-link=\"1\" rel=\"noopener\">Quiero ser distribuidor<\/a><\/div> <\/div><\/div> <\/div>","protected":false},"excerpt":{"rendered":"<p>Productos excepcionales dise\u00f1ados para satisfacer las necesidades de Limpieza de las principales industrias: Ofrecemos soluciones qu\u00edmicas para la limpieza, con productos excepcionales adaptados a las demandas de higiene con productos que est\u00e1n dise\u00f1ados para cumplir con los est\u00e1ndares m\u00e1s exigentes, garantizando entornos limpios y seguros en cada aplicaci\u00f3n. Restaurantes y Cocinas Quantum proporciona soluciones qu\u00edmicas&hellip; <br \/> <a class=\"read-more\" href=\"https:\/\/quimicaquantum.com\/\">Read more<\/a><\/p>\n","protected":false},"author":1,"featured_media":0,"parent":0,"menu_order":0,"comment_status":"closed","ping_status":"closed","template":"page-templates\/homepage.php","meta":{"footnotes":""},"_links":{"self":[{"href":"https:\/\/quimicaquantum.com\/index.php?rest_route=\/wp\/v2\/pages\/887"}],"collection":[{"href":"https:\/\/quimicaquantum.com\/index.php?rest_route=\/wp\/v2\/pages"}],"about":[{"href":"https:\/\/quimicaquantum.com\/index.php?rest_route=\/wp\/v2\/types\/page"}],"author":[{"embeddable":true,"href":"https:\/\/quimicaquantum.com\/index.php?rest_route=\/wp\/v2\/users\/1"}],"replies":[{"embeddable":true,"href":"https:\/\/quimicaquantum.com\/index.php?rest_route=%2Fwp%2Fv2%2Fcomments&post=887"}],"version-history":[{"count":47,"href":"https:\/\/quimicaquantum.com\/index.php?rest_route=\/wp\/v2\/pages\/887\/revisions"}],"predecessor-version":[{"id":1132,"href":"https:\/\/quimicaquantum.com\/index.php?rest_route=\/wp\/v2\/pages\/887\/revisions\/1132"}],"wp:attachment":[{"href":"https:\/\/quimicaquantum.com\/index.php?rest_route=%2Fwp%2Fv2%2Fmedia&parent=887"}],"curies":[{"name":"wp","href":"https:\/\/api.w.org\/{rel}","templated":true}]}}