{"id":678,"date":"2023-11-07T02:18:48","date_gmt":"2023-11-07T02:18:48","guid":{"rendered":"https:\/\/quimicaquantum.com\/?page_id=678"},"modified":"2024-02-07T00:45:42","modified_gmt":"2024-02-07T00:45:42","slug":"quantum","status":"publish","type":"page","link":"https:\/\/quimicaquantum.com\/?page_id=678","title":{"rendered":"SOMOS QUANTUM"},"content":{"rendered":"\n<div class=\"wp-block-group is-layout-constrained wp-block-group-is-layout-constrained\"><div class=\"wp-block-group__inner-container\"><\/div><\/div>\n\n\n\n<h2 class=\"wp-block-heading has-text-align-center\">Quantum Tecnolog\u00eda Qu\u00edmica para Limpieza<\/h2>\n\n\n\n<hr class=\"wp-block-separator has-alpha-channel-opacity\"\/>\n\n\n\n<div class=\"wp-block-group is-nowrap is-layout-flex wp-container-core-group-layout-2 wp-block-group-is-layout-flex\">\n<h2 class=\"wp-block-heading\">Introducci\u00f3n<\/h2>\n<\/div>\n\n\n\n<p>En Quantum Tecnolog\u00eda Qu\u00edmica para Limpieza, nuestra pasi\u00f3n por la excelencia y el compromiso con la sostenibilidad se entrelazan en una oferta de productos que redefine los est\u00e1ndares de limpieza y cuidado del medio ambiente. Somos m\u00e1s que una empresa; somos una fuerza impulsora detr\u00e1s de soluciones de limpieza eficaces y responsables con el planeta. Con una historia de innovaci\u00f3n y liderazgo, Quantum queremos ser un referente en la fabricaci\u00f3n de productos qu\u00edmicos de limpieza de alta calidad, y estamos entusiasmados por compartir nuestra visi\u00f3n y nuestros productos contigo.<\/p>\n\n\n\n<hr class=\"wp-block-separator has-alpha-channel-opacity\"\/>\n\n\n\n<div class=\"wp-block-media-text is-stacked-on-mobile\" style=\"grid-template-columns:46% auto\"><figure class=\"wp-block-media-text__media\"><img loading=\"lazy\" decoding=\"async\" width=\"600\" height=\"405\" src=\"http:\/\/quimicaquantum.com\/wp-content\/uploads\/2023\/11\/img-calidad-total-verde-600-x-405.jpg\" alt=\"\" class=\"wp-image-722 size-full\" srcset=\"https:\/\/quimicaquantum.com\/wp-content\/uploads\/2023\/11\/img-calidad-total-verde-600-x-405.jpg 600w, https:\/\/quimicaquantum.com\/wp-content\/uploads\/2023\/11\/img-calidad-total-verde-600-x-405-165x110.jpg 165w\" sizes=\"(max-width: 600px) 100vw, 600px\" \/><\/figure><div class=\"wp-block-media-text__content\">\n<p>En Quantum, la satisfacci\u00f3n del cliente es nuestro norte y la calidad de nuestros productos es nuestro estandarte. Nos enorgullece ofrecer soluciones de limpieza que superan las expectativas, respaldadas por est\u00e1ndares de calidad intransigentes. Cada producto que lleva el nombre de Quantum es el resultado de un compromiso inquebrantable con la excelencia y la atenci\u00f3n meticulosa a cada detalle. Nos esforzamos por no solo cumplir, sino superar las necesidades de nuestros clientes, asegurando resultados excepcionales en cada aplicaci\u00f3n. En Quantum, la satisfacci\u00f3n del cliente no es solo una meta, es la medida de nuestro \u00e9xito.<\/p>\n<\/div><\/div>\n\n\n\n<hr class=\"wp-block-separator has-alpha-channel-opacity\"\/>\n\n\n\n<div class=\"wp-block-media-text has-media-on-the-right is-stacked-on-mobile\"><div class=\"wp-block-media-text__content\">\n<h2 class=\"wp-block-heading has-text-align-center\"><strong>Nuestra Misi\u00f3n<\/strong><\/h2>\n\n\n\n<p>En Quantum Tecnolog\u00eda Qu\u00edmica para Limpieza, nuestra misi\u00f3n es proporcionar soluciones de limpieza innovadoras y de alta calidad que permitan a individuos y empresas mantener <strong>espacios limpios y saludables<\/strong>, al mismo tiempo que respetamos y protegemos el medio ambiente. Estamos comprometidos con la excelencia, la sostenibilidad y la satisfacci\u00f3n del cliente, y trabajamos incansablemente para superar las expectativas en cada producto que ofrecemos.<\/p>\n<\/div><figure class=\"wp-block-media-text__media\"><img loading=\"lazy\" decoding=\"async\" width=\"1170\" height=\"805\" src=\"https:\/\/quimicaquantum.com\/wp-content\/uploads\/2023\/11\/espacios-limpios-1170x805.jpg\" alt=\"\" class=\"wp-image-732 size-full\" srcset=\"https:\/\/quimicaquantum.com\/wp-content\/uploads\/2023\/11\/espacios-limpios-1170x805.jpg 1170w, https:\/\/quimicaquantum.com\/wp-content\/uploads\/2023\/11\/espacios-limpios-385x265.jpg 385w\" sizes=\"(max-width: 1170px) 100vw, 1170px\" \/><\/figure><\/div>\n\n\n\n<hr class=\"wp-block-separator has-alpha-channel-opacity\"\/>\n\n\n\n<div class=\"wp-block-media-text is-stacked-on-mobile\"><figure class=\"wp-block-media-text__media\"><img loading=\"lazy\" decoding=\"async\" width=\"1170\" height=\"805\" src=\"https:\/\/quimicaquantum.com\/wp-content\/uploads\/2023\/11\/mundo-limpio-1170x805.jpg\" alt=\"\" class=\"wp-image-737 size-full\" srcset=\"https:\/\/quimicaquantum.com\/wp-content\/uploads\/2023\/11\/mundo-limpio-1170x805.jpg 1170w, https:\/\/quimicaquantum.com\/wp-content\/uploads\/2023\/11\/mundo-limpio-385x265.jpg 385w\" sizes=\"(max-width: 1170px) 100vw, 1170px\" \/><\/figure><div class=\"wp-block-media-text__content\">\n<h2 class=\"wp-block-heading has-text-align-center\">Nuestra Visi\u00f3n<\/h2>\n\n\n\n<p>Es liderar el camino hacia un mundo m\u00e1s limpio y sostenible, donde la eficacia de los productos qu\u00edmicos de limpieza se combina con la responsabilidad ambiental. Buscamos ser reconocidos como un referente en la industria, impulsando la innovaci\u00f3n, la calidad y la conciencia ecol\u00f3gica. Deseamos expandir nuestra presencia a nivel global y ser la elecci\u00f3n preferida de quienes buscan soluciones de limpieza de alto rendimiento que cuiden del planeta.<\/p>\n<\/div><\/div>\n","protected":false},"excerpt":{"rendered":"<p>Quantum Tecnolog\u00eda Qu\u00edmica para Limpieza Introducci\u00f3n En Quantum Tecnolog\u00eda Qu\u00edmica para Limpieza, nuestra pasi\u00f3n por la excelencia y el compromiso con la sostenibilidad se entrelazan en una oferta de productos que redefine los est\u00e1ndares de limpieza y cuidado del medio ambiente. Somos m\u00e1s que una empresa; somos una fuerza impulsora detr\u00e1s de soluciones de limpieza&hellip; <br \/> <a class=\"read-more\" href=\"https:\/\/quimicaquantum.com\/?page_id=678\">Read more<\/a><\/p>\n","protected":false},"author":1,"featured_media":699,"parent":0,"menu_order":0,"comment_status":"closed","ping_status":"closed","template":"page-templates\/template-pagebuilder-full-width.php","meta":{"footnotes":""},"_links":{"self":[{"href":"https:\/\/quimicaquantum.com\/index.php?rest_route=\/wp\/v2\/pages\/678"}],"collection":[{"href":"https:\/\/quimicaquantum.com\/index.php?rest_route=\/wp\/v2\/pages"}],"about":[{"href":"https:\/\/quimicaquantum.com\/index.php?rest_route=\/wp\/v2\/types\/page"}],"author":[{"embeddable":true,"href":"https:\/\/quimicaquantum.com\/index.php?rest_route=\/wp\/v2\/users\/1"}],"replies":[{"embeddable":true,"href":"https:\/\/quimicaquantum.com\/index.php?rest_route=%2Fwp%2Fv2%2Fcomments&post=678"}],"version-history":[{"count":25,"href":"https:\/\/quimicaquantum.com\/index.php?rest_route=\/wp\/v2\/pages\/678\/revisions"}],"predecessor-version":[{"id":1053,"href":"https:\/\/quimicaquantum.com\/index.php?rest_route=\/wp\/v2\/pages\/678\/revisions\/1053"}],"wp:featuredmedia":[{"embeddable":true,"href":"https:\/\/quimicaquantum.com\/index.php?rest_route=\/wp\/v2\/media\/699"}],"wp:attachment":[{"href":"https:\/\/quimicaquantum.com\/index.php?rest_route=%2Fwp%2Fv2%2Fmedia&parent=678"}],"curies":[{"name":"wp","href":"https:\/\/api.w.org\/{rel}","templated":true}]}}