{"id":149,"date":"2018-01-05T04:12:15","date_gmt":"2018-01-05T04:12:15","guid":{"rendered":"http:\/\/demo.theme-junkie.com\/multidot\/?page_id=149"},"modified":"2024-02-14T01:21:14","modified_gmt":"2024-02-14T01:21:14","slug":"contact-2","status":"publish","type":"page","link":"https:\/\/quimicaquantum.com\/?page_id=149","title":{"rendered":"Cont\u00e1ctanos"},"content":{"rendered":"<h2>Escr\u00edbenos para platicar como podemos apoyarte para ser un\u00a0 gran Distribuidor<\/h2>\n<div class=\"flex flex-grow flex-col max-w-full\">\n<div class=\"min-h-[20px] text-message flex flex-col items-start gap-3 whitespace-pre-wrap break-words [.text-message+&amp;]:mt-5 overflow-x-auto\" data-message-author-role=\"assistant\" data-message-id=\"8a3a6eba-f5e7-4f49-8d98-13475212fce6\">\n<div class=\"markdown prose w-full break-words dark:prose-invert dark\">\n<p>&#8220;Descubre las oportunidades de ser distribuidor de Quantum Tecnolog\u00eda Qu\u00edmica para limpieza. Estamos en busca de Distribuidores comprometidos en ganar y que quieran ser parte de nuestro equipo. Con productos innovadores y un enfoque de calidad, Quantum ofrece una experiencia \u00fanica en el sector. \u00bfListo para unirte a nosotros? Cont\u00e1ctanos y exploremos juntos nuevas posibilidades en el mundo de la limpieza y la tecnolog\u00eda qu\u00edmica.&#8221;<\/p>\n<\/div>\n<\/div>\n<\/div>\n<h2>\n\n<style id=\"wpforms-css-vars-root\">\n\t\t\t\t:root {\n\t\t\t\t\t--wpforms-field-border-radius: 3px;\n--wpforms-field-background-color: #ffffff;\n--wpforms-field-border-color: rgba( 0, 0, 0, 0.25 );\n--wpforms-field-text-color: rgba( 0, 0, 0, 0.7 );\n--wpforms-label-color: rgba( 0, 0, 0, 0.85 );\n--wpforms-label-sublabel-color: rgba( 0, 0, 0, 0.55 );\n--wpforms-label-error-color: #d63637;\n--wpforms-button-border-radius: 3px;\n--wpforms-button-background-color: #066aab;\n--wpforms-button-text-color: #ffffff;\n--wpforms-field-size-input-height: 43px;\n--wpforms-field-size-input-spacing: 15px;\n--wpforms-field-size-font-size: 16px;\n--wpforms-field-size-line-height: 19px;\n--wpforms-field-size-padding-h: 14px;\n--wpforms-field-size-checkbox-size: 16px;\n--wpforms-field-size-sublabel-spacing: 5px;\n--wpforms-field-size-icon-size: 1;\n--wpforms-label-size-font-size: 16px;\n--wpforms-label-size-line-height: 19px;\n--wpforms-label-size-sublabel-font-size: 14px;\n--wpforms-label-size-sublabel-line-height: 17px;\n--wpforms-button-size-font-size: 17px;\n--wpforms-button-size-height: 41px;\n--wpforms-button-size-padding-h: 15px;\n--wpforms-button-size-margin-top: 10px;\n\n\t\t\t\t}\n\t\t\t<\/style><div class=\"wpforms-container wpforms-container-full wpforms-block wpforms-block-912387a7-54d1-4f22-933c-7faf73958e56 wpforms-render-modern\" id=\"wpforms-4\"><form id=\"wpforms-form-4\" class=\"wpforms-validate wpforms-form\" data-formid=\"4\" method=\"post\" enctype=\"multipart\/form-data\" action=\"\/index.php?rest_route=%2Fwp%2Fv2%2Fpages%2F149\" data-token=\"3a994b5cb4a6a213d9bc36df81760669\"><noscript class=\"wpforms-error-noscript\">Please enable JavaScript in your browser to complete this form.<\/noscript><div class=\"wpforms-hidden\" id=\"wpforms-error-noscript\">Please enable JavaScript in your browser to complete this form.<\/div><div class=\"wpforms-field-container\"><div id=\"wpforms-4-field_0-container\" class=\"wpforms-field wpforms-field-name wpforms-one-half wpforms-first\" data-field-id=\"0\"><fieldset><legend class=\"wpforms-field-label wpforms-label-hide\" aria-hidden=\"false\">Nombre completo <span class=\"wpforms-required-label\" aria-hidden=\"true\">*<\/span><\/legend><div class=\"wpforms-field-row wpforms-field-large\"><div class=\"wpforms-field-row-block wpforms-first wpforms-one-half\"><input type=\"text\" id=\"wpforms-4-field_0\" class=\"wpforms-field-name-first wpforms-field-required\" name=\"wpforms[fields][0][first]\" aria-errormessage=\"wpforms-4-field_0-error\" aria-describedby=\"wpforms-4-field_0-description\" required><label for=\"wpforms-4-field_0\" class=\"wpforms-field-sublabel after \">First<\/label><\/div><div class=\"wpforms-field-row-block wpforms-one-half\"><input type=\"text\" id=\"wpforms-4-field_0-last\" class=\"wpforms-field-name-last wpforms-field-required\" name=\"wpforms[fields][0][last]\" aria-errormessage=\"wpforms-4-field_0-last-error\" aria-describedby=\"wpforms-4-field_0-description\" required><label for=\"wpforms-4-field_0-last\" class=\"wpforms-field-sublabel after \">Last<\/label><\/div><\/div><div id=\"wpforms-4-field_0-description\" class=\"wpforms-field-description\">Nombre completo<\/div><\/fieldset><\/div><div id=\"wpforms-4-field_3-container\" class=\"wpforms-field wpforms-field-email wpforms-one-half\" data-field-id=\"3\"><label class=\"wpforms-field-label wpforms-label-hide\" for=\"wpforms-4-field_3\" aria-hidden=\"false\">Email <span class=\"wpforms-required-label\" aria-hidden=\"true\">*<\/span><\/label><input type=\"email\" id=\"wpforms-4-field_3\" class=\"wpforms-field-large wpforms-field-required\" name=\"wpforms[fields][3]\" placeholder=\"Correo electr\u00f3nico\" spellcheck=\"false\" aria-errormessage=\"wpforms-4-field_3-error\" required><\/div><div id=\"wpforms-4-field_4-container\" class=\"wpforms-field wpforms-field-text\" data-field-id=\"4\"><label class=\"wpforms-field-label wpforms-label-hide\" for=\"wpforms-4-field_4\" aria-hidden=\"false\">Titulo del correo<\/label><input type=\"text\" id=\"wpforms-4-field_4\" class=\"wpforms-field-large\" name=\"wpforms[fields][4]\" value=\"Requiero informaci\u00f3n de los productos\" placeholder=\"T\u00edtulo que describe tu mensaje\" aria-errormessage=\"wpforms-4-field_4-error\" ><\/div><div id=\"wpforms-4-field_2-container\" class=\"wpforms-field wpforms-field-textarea\" data-field-id=\"2\"><label class=\"wpforms-field-label wpforms-label-hide\" for=\"wpforms-4-field_2\" aria-hidden=\"false\">Mensaje <span class=\"wpforms-required-label\" aria-hidden=\"true\">*<\/span><\/label><textarea id=\"wpforms-4-field_2\" class=\"wpforms-field-medium wpforms-field-required\" name=\"wpforms[fields][2]\" placeholder=\"Mensaje que quieres compartir\" aria-errormessage=\"wpforms-4-field_2-error\" required><\/textarea><\/div><\/div><!-- .wpforms-field-container --><div class=\"wpforms-recaptcha-container wpforms-is-recaptcha wpforms-is-recaptcha-type-v3\" ><input type=\"hidden\" name=\"wpforms[recaptcha]\" value=\"\"><\/div><div class=\"wpforms-submit-container\" ><input type=\"hidden\" name=\"wpforms[id]\" value=\"4\"><input type=\"hidden\" name=\"wpforms[author]\" value=\"1\"><button type=\"submit\" name=\"wpforms[submit]\" id=\"wpforms-submit-4\" class=\"wpforms-submit\" data-alt-text=\"Enviando...\" data-submit-text=\"Enviar correo\" aria-live=\"assertive\" value=\"wpforms-submit\">Enviar correo<\/button><\/div><\/form><\/div>  <!-- .wpforms-container -->\n\n<h2>Contamos con instalaciones<\/h2>\n<p>Ubicados en la localidad de Tizayuca, Hidalgo, Quantum Tecnolog\u00eda Qu\u00edmica est\u00e1 comprometido a ofrecer soluciones excepcionales para la limpieza. Nuestra presencia estrat\u00e9gica nos permite atender de manera efectiva sus necesidades. \u00a1Cont\u00e1ctenos y descubra c\u00f3mo podemos ser su socio confiable en productos de limpieza innovadores!.<\/p>\n<p>Direcci\u00f3n<\/p>\n<p>Tizayuca, Hidalgo<br \/>M\u00e9xico<\/p>\n<p>Tel\u00e9fono de Oficina<\/p>\n<p>+(52) 77 9141 1973<\/p>\n<p>Email<\/p>\n<p>hola@quimicaquantum.com<\/p>\n<p>Abierto<\/p>\n<p>Lunes\u2013Viernes: 9:00am \u2013 6pm<\/p>\n<p><iframe src=\"https:\/\/www.google.com\/maps\/embed?pb=!1m18!1m12!1m3!1d938.2159875210012!2d-98.9768402304279!3d19.845708698845254!2m3!1f0!2f0!3f0!3m2!1i1024!2i768!4f13.1!3m3!1m2!1s0x85d1910021eec637%3A0x23dce62c85303b87!2sQuantum%20Tecnolog%C3%ADa%20Qu%C3%ADmica%20para%20Limpieza!5e0!3m2!1ses!2smx!4v1707784183567!5m2!1ses!2smx\" frameborder=\"0\" marginwidth=\"0\" marginheight=\"0\" scrolling=\"no\" allowfullscreen=\"allowfullscreen\"><\/iframe><\/p>","protected":false},"excerpt":{"rendered":"<p>Escr\u00edbenos para platicar como podemos apoyarte para ser un\u00a0 gran Distribuidor &#8220;Descubre las oportunidades de ser distribuidor de Quantum Tecnolog\u00eda Qu\u00edmica para limpieza. Estamos en busca de Distribuidores comprometidos en ganar y que quieran ser parte de nuestro equipo. Con productos innovadores y un enfoque de calidad, Quantum ofrece una experiencia \u00fanica en el sector.&hellip; <br \/> <a class=\"read-more\" href=\"https:\/\/quimicaquantum.com\/?page_id=149\">Read more<\/a><\/p>\n","protected":false},"author":1,"featured_media":0,"parent":0,"menu_order":0,"comment_status":"closed","ping_status":"closed","template":"","meta":{"footnotes":""},"_links":{"self":[{"href":"https:\/\/quimicaquantum.com\/index.php?rest_route=\/wp\/v2\/pages\/149"}],"collection":[{"href":"https:\/\/quimicaquantum.com\/index.php?rest_route=\/wp\/v2\/pages"}],"about":[{"href":"https:\/\/quimicaquantum.com\/index.php?rest_route=\/wp\/v2\/types\/page"}],"author":[{"embeddable":true,"href":"https:\/\/quimicaquantum.com\/index.php?rest_route=\/wp\/v2\/users\/1"}],"replies":[{"embeddable":true,"href":"https:\/\/quimicaquantum.com\/index.php?rest_route=%2Fwp%2Fv2%2Fcomments&post=149"}],"version-history":[{"count":14,"href":"https:\/\/quimicaquantum.com\/index.php?rest_route=\/wp\/v2\/pages\/149\/revisions"}],"predecessor-version":[{"id":1103,"href":"https:\/\/quimicaquantum.com\/index.php?rest_route=\/wp\/v2\/pages\/149\/revisions\/1103"}],"wp:attachment":[{"href":"https:\/\/quimicaquantum.com\/index.php?rest_route=%2Fwp%2Fv2%2Fmedia&parent=149"}],"curies":[{"name":"wp","href":"https:\/\/api.w.org\/{rel}","templated":true}]}}