{"id":1076,"date":"2024-02-07T01:37:48","date_gmt":"2024-02-07T01:37:48","guid":{"rendered":"https:\/\/quimicaquantum.com\/?page_id=1076"},"modified":"2024-02-19T14:59:07","modified_gmt":"2024-02-19T14:59:07","slug":"productos-quantum","status":"publish","type":"page","link":"https:\/\/quimicaquantum.com\/?page_id=1076","title":{"rendered":"Productos Quantum"},"content":{"rendered":"\n<h1 class=\"wp-block-heading has-text-align-center\">Limpieza total para toda las industrias<\/h1>\n\n\n\n<div class=\"wp-block-columns is-layout-flex wp-container-core-columns-layout-1 wp-block-columns-is-layout-flex\">\n<div class=\"wp-block-column is-vertically-aligned-center is-layout-flow wp-block-column-is-layout-flow\">\n<h4 class=\"wp-block-heading has-text-align-center\"><a href=\"https:\/\/quimicaquantum.com\/?page_id=1076#USO-GENERAL\">USO GENERAL<\/a><\/h4>\n\n\n<div class=\"wp-block-image\">\n<figure class=\"aligncenter size-large is-resized\"><img loading=\"lazy\" decoding=\"async\" width=\"1170\" height=\"805\" src=\"http:\/\/quimicaquantum.com\/wp-content\/uploads\/2023\/11\/espacios-limpios-1170x805.jpg\" alt=\"\" class=\"wp-image-732\" style=\"width:216px;height:auto\" srcset=\"https:\/\/quimicaquantum.com\/wp-content\/uploads\/2023\/11\/espacios-limpios-1170x805.jpg 1170w, https:\/\/quimicaquantum.com\/wp-content\/uploads\/2023\/11\/espacios-limpios-385x265.jpg 385w\" sizes=\"(max-width: 1170px) 100vw, 1170px\" \/><\/figure><\/div><\/div>\n\n\n\n<div class=\"wp-block-column is-vertically-aligned-center is-layout-flow wp-block-column-is-layout-flow\">\n<h4 class=\"wp-block-heading has-text-align-center\">INDUSTRIAL<\/h4>\n\n\n<div class=\"wp-block-image\">\n<figure class=\"aligncenter size-full is-resized\"><img loading=\"lazy\" decoding=\"async\" width=\"640\" height=\"427\" src=\"http:\/\/quimicaquantum.com\/wp-content\/uploads\/2024\/02\/industrial01.jpg\" alt=\"\" class=\"wp-image-1107\" style=\"width:223px;height:auto\" srcset=\"https:\/\/quimicaquantum.com\/wp-content\/uploads\/2024\/02\/industrial01.jpg 640w, https:\/\/quimicaquantum.com\/wp-content\/uploads\/2024\/02\/industrial01-165x110.jpg 165w, https:\/\/quimicaquantum.com\/wp-content\/uploads\/2024\/02\/industrial01-610x407.jpg 610w\" sizes=\"(max-width: 640px) 100vw, 640px\" \/><\/figure><\/div><\/div>\n\n\n\n<div class=\"wp-block-column is-vertically-aligned-center is-layout-flow wp-block-column-is-layout-flow\">\n<h4 class=\"wp-block-heading has-text-align-center\">AUTOMOTRIZ<\/h4>\n\n\n<div class=\"wp-block-image\">\n<figure class=\"aligncenter size-full is-resized\"><img loading=\"lazy\" decoding=\"async\" width=\"640\" height=\"512\" src=\"https:\/\/quimicaquantum.com\/wp-content\/uploads\/2024\/02\/autos01.jpg\" alt=\"\" class=\"wp-image-1108\" style=\"width:200px;height:auto\" srcset=\"https:\/\/quimicaquantum.com\/wp-content\/uploads\/2024\/02\/autos01.jpg 640w, https:\/\/quimicaquantum.com\/wp-content\/uploads\/2024\/02\/autos01-610x488.jpg 610w\" sizes=\"(max-width: 640px) 100vw, 640px\" \/><\/figure><\/div><\/div>\n<\/div>\n\n\n\n<div class=\"wp-block-columns are-vertically-aligned-center is-layout-flex wp-container-core-columns-layout-2 wp-block-columns-is-layout-flex\">\n<div class=\"wp-block-column is-vertically-aligned-center is-layout-flow wp-block-column-is-layout-flow\">\n<h4 class=\"wp-block-heading has-text-align-center\">RESTAURANTES,<br>COCINAS Y BARES<\/h4>\n\n\n<div class=\"wp-block-image\">\n<figure class=\"aligncenter size-large is-resized\"><img loading=\"lazy\" decoding=\"async\" width=\"1170\" height=\"800\" src=\"http:\/\/quimicaquantum.com\/wp-content\/uploads\/2024\/02\/cocina-limpia-1170x800.jpg\" alt=\"\" class=\"wp-image-1045\" style=\"width:224px;height:auto\"\/><\/figure><\/div><\/div>\n\n\n\n<div class=\"wp-block-column is-vertically-aligned-center is-layout-flow wp-block-column-is-layout-flow\">\n<h4 class=\"wp-block-heading has-text-align-center\">ALIMENTICIA<\/h4>\n\n\n<div class=\"wp-block-image\">\n<figure class=\"aligncenter size-full is-resized\"><img loading=\"lazy\" decoding=\"async\" width=\"640\" height=\"500\" src=\"http:\/\/quimicaquantum.com\/wp-content\/uploads\/2024\/02\/alimentos01.jpg\" alt=\"\" class=\"wp-image-1111\" style=\"width:230px;height:auto\" srcset=\"https:\/\/quimicaquantum.com\/wp-content\/uploads\/2024\/02\/alimentos01.jpg 640w, https:\/\/quimicaquantum.com\/wp-content\/uploads\/2024\/02\/alimentos01-610x477.jpg 610w\" sizes=\"(max-width: 640px) 100vw, 640px\" \/><\/figure><\/div><\/div>\n\n\n\n<div class=\"wp-block-column is-vertically-aligned-center is-layout-flow wp-block-column-is-layout-flow\">\n<h4 class=\"wp-block-heading has-text-align-center\">AGROPECUARIO<\/h4>\n\n\n<div class=\"wp-block-image\">\n<figure class=\"aligncenter size-full is-resized\"><img loading=\"lazy\" decoding=\"async\" width=\"297\" height=\"169\" src=\"http:\/\/quimicaquantum.com\/wp-content\/uploads\/2024\/02\/img-agropecuario.jpg\" alt=\"\" class=\"wp-image-1112\" style=\"width:220px;height:auto\"\/><\/figure><\/div><\/div>\n<\/div>\n\n\n\n<div class=\"wp-block-columns is-layout-flex wp-container-core-columns-layout-3 wp-block-columns-is-layout-flex\">\n<div class=\"wp-block-column is-vertically-aligned-center is-layout-flow wp-block-column-is-layout-flow\">\n<h4 class=\"wp-block-heading has-text-align-center\">HOTELERIA<\/h4>\n\n\n<div class=\"wp-block-image\">\n<figure class=\"aligncenter size-full is-resized\"><img loading=\"lazy\" decoding=\"async\" width=\"906\" height=\"639\" src=\"http:\/\/quimicaquantum.com\/wp-content\/uploads\/2024\/02\/cropped-cropped-Hotel-02-s.jpg\" alt=\"\" class=\"wp-image-932\" style=\"width:349px;height:auto\" srcset=\"https:\/\/quimicaquantum.com\/wp-content\/uploads\/2024\/02\/cropped-cropped-Hotel-02-s.jpg 906w, https:\/\/quimicaquantum.com\/wp-content\/uploads\/2024\/02\/cropped-cropped-Hotel-02-s-610x430.jpg 610w\" sizes=\"(max-width: 906px) 100vw, 906px\" \/><\/figure><\/div><\/div>\n\n\n\n<div class=\"wp-block-column is-vertically-aligned-center is-layout-flow wp-block-column-is-layout-flow\">\n<h4 class=\"wp-block-heading has-text-align-center\">LAVANDERIA<\/h4>\n\n\n<div class=\"wp-block-image\">\n<figure class=\"aligncenter size-full is-resized\"><img loading=\"lazy\" decoding=\"async\" width=\"640\" height=\"426\" src=\"http:\/\/quimicaquantum.com\/wp-content\/uploads\/2023\/10\/cropped-lavanderia02.jpg\" alt=\"\" class=\"wp-image-944\" style=\"width:364px;height:auto\" srcset=\"https:\/\/quimicaquantum.com\/wp-content\/uploads\/2023\/10\/cropped-lavanderia02.jpg 640w, https:\/\/quimicaquantum.com\/wp-content\/uploads\/2023\/10\/cropped-lavanderia02-165x110.jpg 165w, https:\/\/quimicaquantum.com\/wp-content\/uploads\/2023\/10\/cropped-lavanderia02-610x406.jpg 610w\" sizes=\"(max-width: 640px) 100vw, 640px\" \/><\/figure><\/div><\/div>\n<\/div>\n\n\n\n<hr class=\"wp-block-separator has-alpha-channel-opacity\"\/>\n\n\n\n<h2 class=\"wp-block-heading has-text-align-center\"><a name=\"USO-GENERAL\">USO GENERAL<\/a><\/h2>\n\n\n\n<h4 class=\"wp-block-heading has-text-align-center\">Definimos nuestros productos como uso en General a todos aquellos que se pueden utilizar en m\u00faltiples \u00e1reas de cualquier industria, como ejemplo \u00e1rea comunes, pasillos, ba\u00f1os, salas, ventanas, muebles, entre muchas otras:<\/h4>\n\n\n\n<div class=\"wp-block-columns is-layout-flex wp-container-core-columns-layout-4 wp-block-columns-is-layout-flex\">\n<div class=\"wp-block-column is-vertically-aligned-center is-layout-flow wp-block-column-is-layout-flow\">\n<ol>\n<li>Detergentes y Limpiadores Multiusos: Nuestros productos son ideales para limpiar una variedad muy amplia de superficies<\/li>\n\n\n\n<li>Desinfectantes: Nuestros desinfectantes son esenciales para eliminar g\u00e9rmenes y bacterias. Pueden utilizarse en \u00e1reas como ba\u00f1os, cocinas, hospitales y restaurantes<\/li>\n\n\n\n<li>Limpiadores Espec\u00edficos: Nuestros Limpiadores est\u00e1n dise\u00f1ados para limpiar superficies espec\u00edficas, como limpiadores de vidrios, limpiadores de acero inoxidable, limpiadores de alfombras y limpiadores de inodoros.<\/li>\n<\/ol>\n<\/div>\n\n\n\n<div class=\"wp-block-column is-vertically-aligned-center is-layout-flow wp-block-column-is-layout-flow\"><div class=\"wp-block-image\">\n<figure class=\"aligncenter size-large\"><img loading=\"lazy\" decoding=\"async\" width=\"1170\" height=\"805\" src=\"http:\/\/quimicaquantum.com\/wp-content\/uploads\/2024\/02\/uso-desinfectante-s-1170x805.jpg\" alt=\"\" class=\"wp-image-1049\" srcset=\"https:\/\/quimicaquantum.com\/wp-content\/uploads\/2024\/02\/uso-desinfectante-s-1170x805.jpg 1170w, https:\/\/quimicaquantum.com\/wp-content\/uploads\/2024\/02\/uso-desinfectante-s-385x265.jpg 385w\" sizes=\"(max-width: 1170px) 100vw, 1170px\" \/><\/figure><\/div><\/div>\n<\/div>\n\n\n\n<div class=\"wp-block-columns is-layout-flex wp-container-core-columns-layout-5 wp-block-columns-is-layout-flex\">\n<div class=\"wp-block-column is-layout-flow wp-block-column-is-layout-flow\" style=\"flex-basis:66.66%\"><\/div>\n\n\n\n<div class=\"wp-block-column is-layout-flow wp-block-column-is-layout-flow\" style=\"flex-basis:33.33%\"><\/div>\n<\/div>\n","protected":false},"excerpt":{"rendered":"<p>Limpieza total para toda las industrias USO GENERAL INDUSTRIAL AUTOMOTRIZ RESTAURANTES,COCINAS Y BARES ALIMENTICIA AGROPECUARIO HOTELERIA LAVANDERIA USO GENERAL Definimos nuestros productos como uso en General a todos aquellos que se pueden utilizar en m\u00faltiples \u00e1reas de cualquier industria, como ejemplo \u00e1rea comunes, pasillos, ba\u00f1os, salas, ventanas, muebles, entre muchas otras:<\/p>\n","protected":false},"author":1,"featured_media":0,"parent":0,"menu_order":0,"comment_status":"closed","ping_status":"closed","template":"","meta":{"footnotes":""},"_links":{"self":[{"href":"https:\/\/quimicaquantum.com\/index.php?rest_route=\/wp\/v2\/pages\/1076"}],"collection":[{"href":"https:\/\/quimicaquantum.com\/index.php?rest_route=\/wp\/v2\/pages"}],"about":[{"href":"https:\/\/quimicaquantum.com\/index.php?rest_route=\/wp\/v2\/types\/page"}],"author":[{"embeddable":true,"href":"https:\/\/quimicaquantum.com\/index.php?rest_route=\/wp\/v2\/users\/1"}],"replies":[{"embeddable":true,"href":"https:\/\/quimicaquantum.com\/index.php?rest_route=%2Fwp%2Fv2%2Fcomments&post=1076"}],"version-history":[{"count":18,"href":"https:\/\/quimicaquantum.com\/index.php?rest_route=\/wp\/v2\/pages\/1076\/revisions"}],"predecessor-version":[{"id":1129,"href":"https:\/\/quimicaquantum.com\/index.php?rest_route=\/wp\/v2\/pages\/1076\/revisions\/1129"}],"wp:attachment":[{"href":"https:\/\/quimicaquantum.com\/index.php?rest_route=%2Fwp%2Fv2%2Fmedia&parent=1076"}],"curies":[{"name":"wp","href":"https:\/\/api.w.org\/{rel}","templated":true}]}}